{"id":33098,"date":"2021-02-10T03:04:01","date_gmt":"2021-02-10T03:04:01","guid":{"rendered":"https:\/\/tudominioip.com\/212\/?page_id=33098"},"modified":"2021-02-10T03:46:30","modified_gmt":"2021-02-10T03:46:30","slug":"impressum","status":"publish","type":"page","link":"https:\/\/bitsoftweb.com\/demos\/212\/impressum\/","title":{"rendered":"Impressum"},"content":{"rendered":"<div class=\"wpb-content-wrapper\"><p>[vc_row css_animation=\u00bbfadeInRight\u00bb][vc_column][vc_column_text]<\/p>\n<p style=\"vertical-align: baseline; margin: 0cm 0cm 19.2pt 0cm;\"><span lang=\"DE-AT\" style=\"font-size: 11.5pt; color: #262323;\">Jezeli Salazar<br \/>\n212 Latin shop e.U.<br \/>\nkhunnga\u00dfe<span class=\"apple-converted-space\">\u00a0<\/span><br \/>\n1030 Wien<br \/>\nTelefonnummer: +436601333719<br \/>\nE-Mail: 212latinshopaustria@gmail.com<\/span><\/p>\n<p style=\"text-align: justify; vertical-align: baseline; margin: 0cm 0cm 19.2pt 0cm;\"><span lang=\"DE-AT\" style=\"font-size: 11.5pt; color: #262323;\">Umsatzsteuer-ID:<br \/>\nUmsatzsteuer-Identifikationsnummer nach \u00a727a Umsatzsteuergesetz:<\/span><\/p>\n<p style=\"text-align: justify; vertical-align: baseline; margin: 0cm 0cm 19.2pt 0cm;\"><span lang=\"DE-AT\" style=\"font-size: 11.5pt; color: #262323;\">Hinweis gem\u00e4\u00df Online-Streitbeilegungs-VerordnungNach geltendem Recht sind wir verpflichtet, Verbraucher auf die Existenz der Europ\u00e4ischen Online-Streitbeilegungs-Plattform hinzuweisen, die f\u00fcr die Beilegung von Streitigkeiten genutzt werden kann, ohne dass ein Gericht eingeschaltet werden muss. F\u00fcr die Einrichtung der Plattform ist die Europ\u00e4ische Kommission zust\u00e4ndig. Die Europ\u00e4ische Online-Streitbeilegungs-Plattform ist hier zu finden: http:\/\/ec.europa.eu\/odr. Unsere E-Mail lautet: 212latinshopaustria@gmail.com<br \/>\nWir weisen aber darauf hin, dass wir nicht bereit sind, uns am Streitbeilegungsverfahren im Rahmen der Europ\u00e4ischen Online-Streitbeilegungs-Plattform zu beteiligen. Nutzen Sie zur Kontaktaufnahme bitte unsere obige E-Mail und Telefonnummer.<\/span><\/p>\n<p>[\/vc_column_text][\/vc_column][\/vc_row]<\/p>\n<\/div>","protected":false},"excerpt":{"rendered":"<p>[vc_row css_animation=\u00bbfadeInRight\u00bb][vc_column][vc_column_text] Jezeli Salazar 212 Latin shop e.U. khunnga\u00dfe\u00a0 1030 Wien Telefonnummer: +436601333719 E-Mail: 212latinshopaustria@gmail.com Umsatzsteuer-ID: Umsatzsteuer-Identifikationsnummer nach \u00a727a Umsatzsteuergesetz: Hinweis gem\u00e4\u00df Online-Streitbeilegungs-VerordnungNach geltendem Recht sind wir verpflichtet, Verbraucher auf die Existenz der Europ\u00e4ischen Online-Streitbeilegungs-Plattform hinzuweisen, die f\u00fcr die Beilegung von Streitigkeiten genutzt werden kann, ohne dass ein Gericht eingeschaltet werden muss. F\u00fcr die Einrichtung&#8230;<a class=\"r_more_blog\" href=\"https:\/\/bitsoftweb.com\/demos\/212\/impressum\/#more-33098\"> continue reading<\/a><\/p>\n","protected":false},"author":1,"featured_media":0,"parent":0,"menu_order":0,"comment_status":"closed","ping_status":"closed","template":"","meta":{"footnotes":""},"class_list":["post-33098","page","type-page","status-publish","hentry"],"_links":{"self":[{"href":"https:\/\/bitsoftweb.com\/demos\/212\/wp-json\/wp\/v2\/pages\/33098","targetHints":{"allow":["GET"]}}],"collection":[{"href":"https:\/\/bitsoftweb.com\/demos\/212\/wp-json\/wp\/v2\/pages"}],"about":[{"href":"https:\/\/bitsoftweb.com\/demos\/212\/wp-json\/wp\/v2\/types\/page"}],"author":[{"embeddable":true,"href":"https:\/\/bitsoftweb.com\/demos\/212\/wp-json\/wp\/v2\/users\/1"}],"replies":[{"embeddable":true,"href":"https:\/\/bitsoftweb.com\/demos\/212\/wp-json\/wp\/v2\/comments?post=33098"}],"version-history":[{"count":6,"href":"https:\/\/bitsoftweb.com\/demos\/212\/wp-json\/wp\/v2\/pages\/33098\/revisions"}],"predecessor-version":[{"id":33125,"href":"https:\/\/bitsoftweb.com\/demos\/212\/wp-json\/wp\/v2\/pages\/33098\/revisions\/33125"}],"wp:attachment":[{"href":"https:\/\/bitsoftweb.com\/demos\/212\/wp-json\/wp\/v2\/media?parent=33098"}],"curies":[{"name":"wp","href":"https:\/\/api.w.org\/{rel}","templated":true}]}}