{"id":33162,"date":"2021-02-16T17:36:05","date_gmt":"2021-02-16T17:36:05","guid":{"rendered":"https:\/\/tudominioip.com\/212\/?post_type=product&#038;p=33162"},"modified":"2021-02-22T15:54:45","modified_gmt":"2021-02-22T14:54:45","slug":"flips-chokolade-120gr","status":"publish","type":"product","link":"https:\/\/bitsoftweb.com\/demos\/212\/produkt\/flips-chokolade-120gr\/","title":{"rendered":"Flips Chokolade 120gr"},"content":{"rendered":"<div class=\"wpb-content-wrapper\"><p>[vc_row][vc_column][vc_column_text]Angereichertes Weizenmehl und Reismehlpl\u00e4tzchen (Weizen, Niacinamid, Eisen, Vitamin B12, Vitamin B2 und Fols\u00e4ure), Haferflocken, Zucker, Magermilch und Vollmilchpulver, Calciumcarbonat und Salz.<br \/>\nGef\u00fcllt mit Zucker, Pflanzenfett (Mischung aus raffinierten Pflanzen\u00f6len aus Palm und Soja ), Kakaopulver, TBHQ (Antioxidans) Vollmilchpulver, Vitaminen und Mineralien (Vitamin A 25%, Vitamin C 15%, Elektrolytisches Eisen 40%, Thiamin B1 15%, Riboflavin B2 15%, Niacinamid B3 25%, Vitamin B6 15%, Zinkoxid 40%, Vitamin B12 10%, Calcium 8% und Fols\u00e4ure 10%), Sojalecithin (Emulgator), raffiniertes Salz und Ethyl Vanille ( k\u00fcnstliches Aroma). Enth\u00e4lt Milch, Soja und Gluten.<br \/>\nKalorien aus Fett 140-40 , Gesamtfett 5g. 7%, ges\u00e4ttigtes Fett 2 g. 11%, Trans Fat 0g, Cholesterin 2mg. 1% Natrium 68 mg. 3%, Kohlenhydrate 20 g. 7%, Ballaststoffe 1 g. 4%, Zucker 1 g. Protein 2g. 4%.<\/p>\n<p><strong>Kalorien<\/strong> 2000, Gesamtfett weniger als 65 g, ges\u00e4ttigtes Fett weniger als 20 g, Cholesterin weniger als 300 g, Natrium weniger als 2400 g, Gesamtkohlenhydrate 300 g. und Ballaststoffe 25g. Kalorien pro Gramm: Fett 9, Kohlenhydrate 4 und Protein 4.[\/vc_column_text][\/vc_column][\/vc_row]<\/p>\n<\/div>","protected":false},"excerpt":{"rendered":"<p>[vc_row][vc_column][vc_column_text]Angereichertes Weizenmehl und Reismehlpl\u00e4tzchen (Weizen, Niacinamid, Eisen, Vitamin B12, Vitamin B2 und Fols\u00e4ure), Haferflocken, Zucker, Magermilch und Vollmilchpulver, Calciumcarbonat und Salz. Gef\u00fcllt mit Zucker, Pflanzenfett (Mischung aus raffinierten Pflanzen\u00f6len aus Palm und Soja ), Kakaopulver, TBHQ (Antioxidans) Vollmilchpulver, Vitaminen und Mineralien (Vitamin A 25%, Vitamin C 15%, Elektrolytisches Eisen 40%, Thiamin B1 15%, Riboflavin B2&#8230;<a class=\"r_more_blog\" href=\"https:\/\/bitsoftweb.com\/demos\/212\/produkt\/flips-chokolade-120gr\/#more-33162\"> continue reading<\/a><\/p>\n","protected":false},"featured_media":33141,"template":"","meta":[],"product_brand":[],"product_cat":[67],"product_tag":[],"class_list":{"0":"post-33162","1":"product","2":"type-product","3":"status-publish","4":"has-post-thumbnail","6":"product_cat-cookies-and-schokoladen","8":"first","9":"instock","10":"taxable","11":"shipping-taxable","12":"purchasable","13":"product-type-simple"},"_links":{"self":[{"href":"https:\/\/bitsoftweb.com\/demos\/212\/wp-json\/wp\/v2\/product\/33162","targetHints":{"allow":["GET"]}}],"collection":[{"href":"https:\/\/bitsoftweb.com\/demos\/212\/wp-json\/wp\/v2\/product"}],"about":[{"href":"https:\/\/bitsoftweb.com\/demos\/212\/wp-json\/wp\/v2\/types\/product"}],"wp:featuredmedia":[{"embeddable":true,"href":"https:\/\/bitsoftweb.com\/demos\/212\/wp-json\/wp\/v2\/media\/33141"}],"wp:attachment":[{"href":"https:\/\/bitsoftweb.com\/demos\/212\/wp-json\/wp\/v2\/media?parent=33162"}],"wp:term":[{"taxonomy":"product_brand","embeddable":true,"href":"https:\/\/bitsoftweb.com\/demos\/212\/wp-json\/wp\/v2\/product_brand?post=33162"},{"taxonomy":"product_cat","embeddable":true,"href":"https:\/\/bitsoftweb.com\/demos\/212\/wp-json\/wp\/v2\/product_cat?post=33162"},{"taxonomy":"product_tag","embeddable":true,"href":"https:\/\/bitsoftweb.com\/demos\/212\/wp-json\/wp\/v2\/product_tag?post=33162"}],"curies":[{"name":"wp","href":"https:\/\/api.w.org\/{rel}","templated":true}]}}