{"id":33164,"date":"2021-02-16T17:44:33","date_gmt":"2021-02-16T17:44:33","guid":{"rendered":"https:\/\/tudominioip.com\/212\/?post_type=product&#038;p=33164"},"modified":"2021-02-22T15:54:45","modified_gmt":"2021-02-22T14:54:45","slug":"mais-fritz-sauce-240gr","status":"publish","type":"product","link":"https:\/\/bitsoftweb.com\/demos\/212\/produkt\/mais-fritz-sauce-240gr\/","title":{"rendered":"Mais Fritz Sauce 240gr"},"content":{"rendered":"<p>Zutaten: Raffiniertes Pflanzen\u00f6l aus Soja, Wasser, Essig, Zucker, Salz, Ei , Gew\u00fcrzen (Zwiebel und Knoblauch), Kalziumdinatrium (EDTA E-385), Aroma identisch mit nat\u00fcrlichem Mais, Xanthangummi E-415, * Tartrazin E-102. Kann Spuren von Gluten enthalten. * Kann negative Auswirkungen auf Aktivit\u00e4t und Aufmerksamkeit bei Kindern haben . *<\/p>\n<p>N\u00e4hrwertangaben: Durchschnittswerte pro 100 g.<br \/>\nEnergiewert 2912.06kj \/ 696kcal , Gesamtfett 72g, ges\u00e4ttigte Fetts\u00e4uren 27 g, Kohlenhydrate 8 g, mit Zusatz von Zucker 11 g, Proteine 1 g, Salz 2 mg.<\/p>\n","protected":false},"excerpt":{"rendered":"<p>Zutaten: Raffiniertes Pflanzen\u00f6l aus Soja, Wasser, Essig, Zucker, Salz, Ei , Gew\u00fcrzen (Zwiebel und Knoblauch), Kalziumdinatrium (EDTA E-385), Aroma identisch mit nat\u00fcrlichem Mais, Xanthangummi E-415, * Tartrazin E-102. Kann Spuren von Gluten enthalten. * Kann negative Auswirkungen auf Aktivit\u00e4t und Aufmerksamkeit bei Kindern haben . * N\u00e4hrwertangaben: Durchschnittswerte pro 100 g. Energiewert 2912.06kj \/ 696kcal&#8230;<a class=\"r_more_blog\" href=\"https:\/\/bitsoftweb.com\/demos\/212\/produkt\/mais-fritz-sauce-240gr\/#more-33164\"> continue reading<\/a><\/p>\n","protected":false},"featured_media":33157,"template":"","meta":[],"product_brand":[],"product_cat":[69],"product_tag":[],"class_list":{"0":"post-33164","1":"product","2":"type-product","3":"status-publish","4":"has-post-thumbnail","6":"product_cat-aufstriche-und-saucen","8":"first","9":"instock","10":"taxable","11":"shipping-taxable","12":"purchasable","13":"product-type-simple"},"_links":{"self":[{"href":"https:\/\/bitsoftweb.com\/demos\/212\/wp-json\/wp\/v2\/product\/33164","targetHints":{"allow":["GET"]}}],"collection":[{"href":"https:\/\/bitsoftweb.com\/demos\/212\/wp-json\/wp\/v2\/product"}],"about":[{"href":"https:\/\/bitsoftweb.com\/demos\/212\/wp-json\/wp\/v2\/types\/product"}],"wp:featuredmedia":[{"embeddable":true,"href":"https:\/\/bitsoftweb.com\/demos\/212\/wp-json\/wp\/v2\/media\/33157"}],"wp:attachment":[{"href":"https:\/\/bitsoftweb.com\/demos\/212\/wp-json\/wp\/v2\/media?parent=33164"}],"wp:term":[{"taxonomy":"product_brand","embeddable":true,"href":"https:\/\/bitsoftweb.com\/demos\/212\/wp-json\/wp\/v2\/product_brand?post=33164"},{"taxonomy":"product_cat","embeddable":true,"href":"https:\/\/bitsoftweb.com\/demos\/212\/wp-json\/wp\/v2\/product_cat?post=33164"},{"taxonomy":"product_tag","embeddable":true,"href":"https:\/\/bitsoftweb.com\/demos\/212\/wp-json\/wp\/v2\/product_tag?post=33164"}],"curies":[{"name":"wp","href":"https:\/\/api.w.org\/{rel}","templated":true}]}}