{"id":33166,"date":"2021-02-16T17:48:53","date_gmt":"2021-02-16T17:48:53","guid":{"rendered":"https:\/\/tudominioip.com\/212\/?post_type=product&#038;p=33166"},"modified":"2021-02-22T15:54:45","modified_gmt":"2021-02-22T14:54:45","slug":"toronto-chokolade-125-gramm-13-einheiten","status":"publish","type":"product","link":"https:\/\/bitsoftweb.com\/demos\/212\/produkt\/toronto-chokolade-125-gramm-13-einheiten\/","title":{"rendered":"Toronto Chokolade 125 gramm (13 Einheiten)"},"content":{"rendered":"<p>Schokolade Toronto TASCHE 13 x 125gr<br \/>\nTasche mit 13 Toronto Pralinen im Inneren. Jede Schokolade wiegt 9 Gramm.<\/p>\n<p>Gesamtproduktgewicht: 136 Gramm<br \/>\nZutaten:Zucker, ger\u00f6stete Haseln\u00fcsse 20%, Milch, Kakaobutter 16%, Kakaolik\u00f6r 4%, Weizenmehl, Pflanzen\u00f6l, Sojalecithin (Emulgator), Kakaopulver, Ethyl Vanillin (k\u00fcnstliches Aroma) und Salz. Enth\u00e4lt Gluten. Dieses Produkt kann Erdn\u00fcsse, Mandeln und Sojabohnen enthalten.<br \/>\nWenn 1 Portion 1 Einheit (9 g) ist<\/p>\n","protected":false},"excerpt":{"rendered":"<p>Schokolade Toronto TASCHE 13 x 125gr Tasche mit 13 Toronto Pralinen im Inneren. Jede Schokolade wiegt 9 Gramm. Gesamtproduktgewicht: 136 Gramm Zutaten:Zucker, ger\u00f6stete Haseln\u00fcsse 20%, Milch, Kakaobutter 16%, Kakaolik\u00f6r 4%, Weizenmehl, Pflanzen\u00f6l, Sojalecithin (Emulgator), Kakaopulver, Ethyl Vanillin (k\u00fcnstliches Aroma) und Salz. Enth\u00e4lt Gluten. Dieses Produkt kann Erdn\u00fcsse, Mandeln und Sojabohnen enthalten. Wenn 1 Portion 1&#8230;<a class=\"r_more_blog\" href=\"https:\/\/bitsoftweb.com\/demos\/212\/produkt\/toronto-chokolade-125-gramm-13-einheiten\/#more-33166\"> continue reading<\/a><\/p>\n","protected":false},"featured_media":33159,"template":"","meta":[],"product_brand":[],"product_cat":[67],"product_tag":[],"class_list":{"0":"post-33166","1":"product","2":"type-product","3":"status-publish","4":"has-post-thumbnail","6":"product_cat-cookies-and-schokoladen","8":"first","9":"instock","10":"taxable","11":"shipping-taxable","12":"purchasable","13":"product-type-simple"},"_links":{"self":[{"href":"https:\/\/bitsoftweb.com\/demos\/212\/wp-json\/wp\/v2\/product\/33166","targetHints":{"allow":["GET"]}}],"collection":[{"href":"https:\/\/bitsoftweb.com\/demos\/212\/wp-json\/wp\/v2\/product"}],"about":[{"href":"https:\/\/bitsoftweb.com\/demos\/212\/wp-json\/wp\/v2\/types\/product"}],"wp:featuredmedia":[{"embeddable":true,"href":"https:\/\/bitsoftweb.com\/demos\/212\/wp-json\/wp\/v2\/media\/33159"}],"wp:attachment":[{"href":"https:\/\/bitsoftweb.com\/demos\/212\/wp-json\/wp\/v2\/media?parent=33166"}],"wp:term":[{"taxonomy":"product_brand","embeddable":true,"href":"https:\/\/bitsoftweb.com\/demos\/212\/wp-json\/wp\/v2\/product_brand?post=33166"},{"taxonomy":"product_cat","embeddable":true,"href":"https:\/\/bitsoftweb.com\/demos\/212\/wp-json\/wp\/v2\/product_cat?post=33166"},{"taxonomy":"product_tag","embeddable":true,"href":"https:\/\/bitsoftweb.com\/demos\/212\/wp-json\/wp\/v2\/product_tag?post=33166"}],"curies":[{"name":"wp","href":"https:\/\/api.w.org\/{rel}","templated":true}]}}