{"id":33168,"date":"2021-02-16T17:54:12","date_gmt":"2021-02-16T17:54:12","guid":{"rendered":"https:\/\/tudominioip.com\/212\/?post_type=product&#038;p=33168"},"modified":"2021-02-22T15:54:45","modified_gmt":"2021-02-22T14:54:45","slug":"galleta-club-social-24-9x234gr","status":"publish","type":"product","link":"https:\/\/bitsoftweb.com\/demos\/212\/produkt\/galleta-club-social-24-9x234gr\/","title":{"rendered":"Galleta club social 24 (9x234gr)"},"content":{"rendered":"<p>Zutaten: Angereichertes Weizenmehl (Eisen, Niacin-Zink, Thiamin, Riboflavin und Fols\u00e4ure), Pflanzen\u00f6l (Palme), Zucker, Salz, Monocalciumphosphat (Sauerteig), Ammoniumbicarbonat (Leaving Agent), proteolytische Enzyme und Zitronens\u00e4ure (Regulierung der S\u00e4ure) .<\/p>\n<p>N\u00e4hrwert-Information: Durchschnittswerte pro 100 g, Energiewert 1806 Kj \/ 430 kcal, Fette \/ Fett 17 g , ges\u00e4ttigte Fette 7 g , Kohlenhydrate 63 g, Zucker 8 g , Proteine 7 g , Salz 2 g.<\/p>\n<p>Ursprungsland: Vorbereitet von MONDELEZ PER\u00da SA, Av. Venezuela 2470, Lima -Per\u00fa.<\/p>\n","protected":false},"excerpt":{"rendered":"<p>Zutaten: Angereichertes Weizenmehl (Eisen, Niacin-Zink, Thiamin, Riboflavin und Fols\u00e4ure), Pflanzen\u00f6l (Palme), Zucker, Salz, Monocalciumphosphat (Sauerteig), Ammoniumbicarbonat (Leaving Agent), proteolytische Enzyme und Zitronens\u00e4ure (Regulierung der S\u00e4ure) . N\u00e4hrwert-Information: Durchschnittswerte pro 100 g, Energiewert 1806 Kj \/ 430 kcal, Fette \/ Fett 17 g , ges\u00e4ttigte Fette 7 g , Kohlenhydrate 63 g, Zucker 8 g ,&#8230;<a class=\"r_more_blog\" href=\"https:\/\/bitsoftweb.com\/demos\/212\/produkt\/galleta-club-social-24-9x234gr\/#more-33168\"> continue reading<\/a><\/p>\n","protected":false},"featured_media":33146,"template":"","meta":[],"product_brand":[],"product_cat":[67],"product_tag":[],"class_list":{"0":"post-33168","1":"product","2":"type-product","3":"status-publish","4":"has-post-thumbnail","6":"product_cat-cookies-and-schokoladen","8":"first","9":"instock","10":"taxable","11":"shipping-taxable","12":"purchasable","13":"product-type-simple"},"_links":{"self":[{"href":"https:\/\/bitsoftweb.com\/demos\/212\/wp-json\/wp\/v2\/product\/33168","targetHints":{"allow":["GET"]}}],"collection":[{"href":"https:\/\/bitsoftweb.com\/demos\/212\/wp-json\/wp\/v2\/product"}],"about":[{"href":"https:\/\/bitsoftweb.com\/demos\/212\/wp-json\/wp\/v2\/types\/product"}],"wp:featuredmedia":[{"embeddable":true,"href":"https:\/\/bitsoftweb.com\/demos\/212\/wp-json\/wp\/v2\/media\/33146"}],"wp:attachment":[{"href":"https:\/\/bitsoftweb.com\/demos\/212\/wp-json\/wp\/v2\/media?parent=33168"}],"wp:term":[{"taxonomy":"product_brand","embeddable":true,"href":"https:\/\/bitsoftweb.com\/demos\/212\/wp-json\/wp\/v2\/product_brand?post=33168"},{"taxonomy":"product_cat","embeddable":true,"href":"https:\/\/bitsoftweb.com\/demos\/212\/wp-json\/wp\/v2\/product_cat?post=33168"},{"taxonomy":"product_tag","embeddable":true,"href":"https:\/\/bitsoftweb.com\/demos\/212\/wp-json\/wp\/v2\/product_tag?post=33168"}],"curies":[{"name":"wp","href":"https:\/\/api.w.org\/{rel}","templated":true}]}}