{"id":33177,"date":"2021-02-16T18:15:26","date_gmt":"2021-02-16T18:15:26","guid":{"rendered":"https:\/\/tudominioip.com\/212\/?post_type=product&#038;p=33177"},"modified":"2021-02-22T15:54:44","modified_gmt":"2021-02-22T14:54:44","slug":"adobo-juana-250-gr","status":"publish","type":"product","link":"https:\/\/bitsoftweb.com\/demos\/212\/produkt\/adobo-juana-250-gr\/","title":{"rendered":"Adobo Juana 250 gr"},"content":{"rendered":"<div class=\"wpb-content-wrapper\"><p>[vc_row][vc_column][vc_column_text]Zutaten:<\/p>\n<p>Salz-, Pfeffer-, Knoblauch-, Kreuzk\u00fcmmel- und Gew\u00fcrzmischungen.<\/p>\n<p>N\u00e4hrwertangaben: Durchschnittswert pro 100 g.<\/p>\n<p>Energiewert 390,4 kj \/ 93,4 kcal , Gesamtfett 1,9 g, ges\u00e4ttigtes Fett 0,3 g, Kohlenhydrate 15,5 g, zugesetzte Zucker 0,5 g, Protein 3,6 g und Sal 75026,0 g.<\/p>\n<p>Hergestellt in Spanien[\/vc_column_text][\/vc_column][\/vc_row]<\/p>\n<\/div>","protected":false},"excerpt":{"rendered":"<p>[vc_row][vc_column][vc_column_text]Zutaten: Salz-, Pfeffer-, Knoblauch-, Kreuzk\u00fcmmel- und Gew\u00fcrzmischungen. N\u00e4hrwertangaben: Durchschnittswert pro 100 g. Energiewert 390,4 kj \/ 93,4 kcal , Gesamtfett 1,9 g, ges\u00e4ttigtes Fett 0,3 g, Kohlenhydrate 15,5 g, zugesetzte Zucker 0,5 g, Protein 3,6 g und Sal 75026,0 g. Hergestellt in Spanien[\/vc_column_text][\/vc_column][\/vc_row]<\/p>\n","protected":false},"featured_media":33142,"template":"","meta":[],"product_brand":[],"product_cat":[69],"product_tag":[],"class_list":{"0":"post-33177","1":"product","2":"type-product","3":"status-publish","4":"has-post-thumbnail","6":"product_cat-aufstriche-und-saucen","8":"first","9":"instock","10":"taxable","11":"shipping-taxable","12":"purchasable","13":"product-type-simple"},"_links":{"self":[{"href":"https:\/\/bitsoftweb.com\/demos\/212\/wp-json\/wp\/v2\/product\/33177","targetHints":{"allow":["GET"]}}],"collection":[{"href":"https:\/\/bitsoftweb.com\/demos\/212\/wp-json\/wp\/v2\/product"}],"about":[{"href":"https:\/\/bitsoftweb.com\/demos\/212\/wp-json\/wp\/v2\/types\/product"}],"wp:featuredmedia":[{"embeddable":true,"href":"https:\/\/bitsoftweb.com\/demos\/212\/wp-json\/wp\/v2\/media\/33142"}],"wp:attachment":[{"href":"https:\/\/bitsoftweb.com\/demos\/212\/wp-json\/wp\/v2\/media?parent=33177"}],"wp:term":[{"taxonomy":"product_brand","embeddable":true,"href":"https:\/\/bitsoftweb.com\/demos\/212\/wp-json\/wp\/v2\/product_brand?post=33177"},{"taxonomy":"product_cat","embeddable":true,"href":"https:\/\/bitsoftweb.com\/demos\/212\/wp-json\/wp\/v2\/product_cat?post=33177"},{"taxonomy":"product_tag","embeddable":true,"href":"https:\/\/bitsoftweb.com\/demos\/212\/wp-json\/wp\/v2\/product_tag?post=33177"}],"curies":[{"name":"wp","href":"https:\/\/api.w.org\/{rel}","templated":true}]}}